{"id":384,"date":"2023-11-01T12:48:12","date_gmt":"2023-11-01T11:48:12","guid":{"rendered":"https:\/\/marosoftware.de\/?page_id=384"},"modified":"2023-11-01T13:09:33","modified_gmt":"2023-11-01T12:09:33","slug":"omsi-2-launcher-hintergrundbild-einsenden","status":"publish","type":"page","link":"https:\/\/marosoftware.de\/en\/omsi-2-launcher-hintergrundbild-einsenden\/","title":{"rendered":"OMSI 2 Launcher Hintergrundbild einsenden"},"content":{"rendered":"<div data-elementor-type=\"wp-page\" data-elementor-id=\"384\" class=\"elementor elementor-384\">\n\t\t\t\t\t\t\t\t\t<section class=\"elementor-section elementor-top-section elementor-element elementor-element-93c0cf6 elementor-section-boxed elementor-section-height-default elementor-section-height-default\" data-id=\"93c0cf6\" data-element_type=\"section\">\n\t\t\t\t\t\t<div class=\"elementor-container elementor-column-gap-default\">\n\t\t\t\t\t<div class=\"elementor-column elementor-col-100 elementor-top-column elementor-element elementor-element-fc4115a\" data-id=\"fc4115a\" data-element_type=\"column\">\n\t\t\t<div class=\"elementor-widget-wrap elementor-element-populated\">\n\t\t\t\t\t\t\t\t<div class=\"elementor-element elementor-element-bc6cb82 elementor-widget elementor-widget-image\" data-id=\"bc6cb82\" data-element_type=\"widget\" data-widget_type=\"image.default\">\n\t\t\t\t<div class=\"elementor-widget-container\">\n\t\t\t<style>\/*! elementor - v3.16.0 - 14-09-2023 *\/\n.elementor-widget-image{text-align:center}.elementor-widget-image a{display:inline-block}.elementor-widget-image a img[src$=\".svg\"]{width:48px}.elementor-widget-image img{vertical-align:middle;display:inline-block}<\/style>\t\t\t\t\t\t\t\t\t\t\t\t<img loading=\"lazy\" decoding=\"async\" width=\"300\" height=\"112\" src=\"https:\/\/marosoftware.de\/wp-content\/uploads\/2023\/10\/OL-Logo-2022-300x112.png\" class=\"attachment-medium size-medium wp-image-315\" alt=\"\" srcset=\"https:\/\/marosoftware.de\/wp-content\/uploads\/2023\/10\/OL-Logo-2022-300x112.png 300w, https:\/\/marosoftware.de\/wp-content\/uploads\/2023\/10\/OL-Logo-2022-1024x382.png 1024w, https:\/\/marosoftware.de\/wp-content\/uploads\/2023\/10\/OL-Logo-2022-768x286.png 768w, https:\/\/marosoftware.de\/wp-content\/uploads\/2023\/10\/OL-Logo-2022-1536x573.png 1536w, https:\/\/marosoftware.de\/wp-content\/uploads\/2023\/10\/OL-Logo-2022-18x7.png 18w, https:\/\/marosoftware.de\/wp-content\/uploads\/2023\/10\/OL-Logo-2022.png 1681w\" sizes=\"auto, (max-width: 300px) 100vw, 300px\" \/>\t\t\t\t\t\t\t\t\t\t\t\t\t\t\t<\/div>\n\t\t\t\t<\/div>\n\t\t\t\t<div class=\"elementor-element elementor-element-a9195f8 elementor-widget elementor-widget-text-editor\" data-id=\"a9195f8\" data-element_type=\"widget\" data-widget_type=\"text-editor.default\">\n\t\t\t\t<div class=\"elementor-widget-container\">\n\t\t\t<style>\/*! elementor - v3.16.0 - 14-09-2023 *\/\n.elementor-widget-text-editor.elementor-drop-cap-view-stacked .elementor-drop-cap{background-color:#69727d;color:#fff}.elementor-widget-text-editor.elementor-drop-cap-view-framed .elementor-drop-cap{color:#69727d;border:3px solid;background-color:transparent}.elementor-widget-text-editor:not(.elementor-drop-cap-view-default) .elementor-drop-cap{margin-top:8px}.elementor-widget-text-editor:not(.elementor-drop-cap-view-default) .elementor-drop-cap-letter{width:1em;height:1em}.elementor-widget-text-editor .elementor-drop-cap{float:left;text-align:center;line-height:1;font-size:50px}.elementor-widget-text-editor .elementor-drop-cap-letter{display:inline-block}<\/style>\t\t\t\t<h5>Es freut uns sehr, dass du uns dein Hintergrundbild f\u00fcr den OMSI 2 Launcher bereitstellen m\u00f6chtest. F\u00fclle dazu einfach das Formular aus und f\u00fcge deine Screenshorts hinzu.<\/h5><h6><u>Wie wird es gemacht?<\/u><br \/>Stelle deinen Lieblingsbus einfach an einem sehr sch\u00f6nen Ort auf deiner Lieblingskarte hin.<br \/>Stelle die Zielanzeige mit einer Linie ein oder einem Lieblingsspruch und mache die Lichter deines Busses an und schon bist du dabei.<\/h6>\t\t\t\t\t\t<\/div>\n\t\t\t\t<\/div>\n\t\t\t\t<div class=\"elementor-element elementor-element-d285239 elementor-widget elementor-widget-text-editor\" data-id=\"d285239\" data-element_type=\"widget\" data-widget_type=\"text-editor.default\">\n\t\t\t\t<div class=\"elementor-widget-container\">\n\t\t\t\t\t\t\t<p><div class=\"forminator-ui forminator-custom-form forminator-custom-form-383 forminator-design--material  forminator_ajax\" data-forminator-render=\"0\" data-form=\"forminator-module-383\" data-uid=\"69f3367c610cd\"><br\/><\/div><form\n\t\t\t\tid=\"forminator-module-383\"\n\t\t\t\tclass=\"forminator-ui forminator-custom-form forminator-custom-form-383 forminator-design--material  forminator_ajax\"\n\t\t\t\tmethod=\"post\"\n\t\t\t\tdata-forminator-render=\"0\"\n\t\t\t\tdata-form-id=\"383\"\n\t\t\t\t\n\t\t\t\tdata-design=\"material\"\n\t\t\t\t\n\t\t\t\t\n\t\t\t\t\n\t\t\t\tdata-grid=\"open\"\n\t\t\t\tenctype=\"multipart\/form-data\"\n\t\t\t\t\n\t\t\t\tstyle=\"display: none;\"\n\t\t\t\t\n\t\t\t\tdata-uid=\"69f3367c610cd\" action=\"\"\n\t\t\t><div role=\"alert\" aria-live=\"polite\" class=\"forminator-response-message forminator-error\" aria-hidden=\"true\"><\/div><div class=\"forminator-row\"><div id=\"name-1\" class=\"forminator-field-name forminator-col forminator-col-12\"><div class=\"forminator-field\"><label for=\"forminator-field-name-1_69f3367c610cd\" class=\"forminator-label\" id=\"forminator-field-name-1_69f3367c610cd-label\">Vorname <span class=\"forminator-required\">*<\/span><\/label><input type=\"text\" name=\"name-1\" value=\"\" placeholder=\"z. B. Max Mustermann\" id=\"forminator-field-name-1_69f3367c610cd\" class=\"forminator-input forminator-name--field\" aria-required=\"true\" \/><\/div><\/div><\/div><div class=\"forminator-row\"><div id=\"email-1\" class=\"forminator-field-email forminator-col forminator-col-12\"><div class=\"forminator-field\"><label for=\"forminator-field-email-1_69f3367c610cd\" class=\"forminator-label\" id=\"forminator-field-email-1_69f3367c610cd-label\">E-Mail-Adresse (Keine Pflichtangabe)<\/label><input type=\"email\" name=\"email-1\" value=\"\" placeholder=\"z. B. max@mustermann.de\" id=\"forminator-field-email-1_69f3367c610cd\" class=\"forminator-input forminator-email--field\" data-required=\"\" aria-required=\"false\" \/><\/div><\/div><\/div><div class=\"forminator-row\"><div id=\"textarea-1\" class=\"forminator-field-textarea forminator-col forminator-col-12\"><div class=\"forminator-field\"><label for=\"forminator-field-textarea-1_69f3367c610cd\" id=\"forminator-field-textarea-1_69f3367c610cd-label\" class=\"forminator-label\">Name der Map auf der das Screenshot stattgefunden hat <span class=\"forminator-required\">*<\/span><\/label><textarea name=\"textarea-1\" placeholder=\"z. b. Krefrath\" id=\"forminator-field-textarea-1_69f3367c610cd\" class=\"forminator-textarea\" rows=\"6\" style=\"min-height:140px;\" ><\/textarea><\/div><\/div><\/div><div class=\"forminator-row\"><div id=\"textarea-2\" class=\"forminator-field-textarea forminator-col forminator-col-12\"><div class=\"forminator-field\"><label for=\"forminator-field-textarea-2_69f3367c610cd\" id=\"forminator-field-textarea-2_69f3367c610cd-label\" class=\"forminator-label\">Name des Busses das auf dem Screenshot zu sehen ist <span class=\"forminator-required\">*<\/span><\/label><textarea name=\"textarea-2\" placeholder=\"z. B. Mercedes Benz C2\" id=\"forminator-field-textarea-2_69f3367c610cd\" class=\"forminator-textarea\" rows=\"6\" style=\"min-height:140px;\" ><\/textarea><\/div><\/div><\/div><div class=\"forminator-row\"><div id=\"upload-1\" class=\"forminator-field-upload forminator-col forminator-col-12\"><div class=\"forminator-field\"><label for=\"forminator-field-upload-1_69f3367c610cd\" class=\"forminator-label\">Screenshot am Morgen (OMSI 2 Zeit einstellen) <span class=\"forminator-required\">*<\/span><\/label><div class=\"forminator-file-upload\" data-element=\"upload-1_69f3367c610cd\" aria-describedby=\"forminator-field-upload-1_69f3367c610cd-description\"><input type=\"file\" name=\"upload-1\" id=\"forminator-field-upload-1_69f3367c610cd\" class=\"forminator-input-file-required do-validate\" accept=\".jpg,.jpeg,.jpe,.png,.webp,.css,.htm,.html,.dfxp,.js,.psd\"><button id=\"forminator-field-upload-1_69f3367c610cd_button\" class=\"forminator-button forminator-button-upload\" data-id=\"forminator-field-upload-1_69f3367c610cd\"><span>Choose File<\/span><span aria-hidden=\"true\"><\/span><\/button><span data-empty-text=\"No file chosen\">No file chosen<\/span><button class=\"forminator-button-delete\" style=\"display: none;\"><i class=\"forminator-icon-close\" aria-hidden=\"true\"><\/i><span class=\"forminator-screen-reader-only\">Delete uploaded file<\/span><\/button><\/div><\/div><\/div><\/div><div class=\"forminator-row\"><div id=\"upload-2\" class=\"forminator-field-upload forminator-col forminator-col-12\"><div class=\"forminator-field\"><label for=\"forminator-field-upload-2_69f3367c610cd\" class=\"forminator-label\">Screenshot am Mittags (OMSI 2 Zeit einstellen) <span class=\"forminator-required\">*<\/span><\/label><div class=\"forminator-file-upload\" data-element=\"upload-2_69f3367c610cd\" aria-describedby=\"forminator-field-upload-2_69f3367c610cd-description\"><input type=\"file\" name=\"upload-2\" id=\"forminator-field-upload-2_69f3367c610cd\" class=\"forminator-input-file-required do-validate\" accept=\".jpg,.jpeg,.jpe,.png,.webp,.css,.htm,.html,.dfxp,.js,.psd\"><button id=\"forminator-field-upload-2_69f3367c610cd_button\" class=\"forminator-button forminator-button-upload\" data-id=\"forminator-field-upload-2_69f3367c610cd\"><span>Choose File<\/span><span aria-hidden=\"true\"><\/span><\/button><span data-empty-text=\"No file chosen\">No file chosen<\/span><button class=\"forminator-button-delete\" style=\"display: none;\"><i class=\"forminator-icon-close\" aria-hidden=\"true\"><\/i><span class=\"forminator-screen-reader-only\">Delete uploaded file<\/span><\/button><\/div><\/div><\/div><\/div><div class=\"forminator-row\"><div id=\"upload-3\" class=\"forminator-field-upload forminator-col forminator-col-12\"><div class=\"forminator-field\"><label for=\"forminator-field-upload-3_69f3367c610cd\" class=\"forminator-label\">Screenshot am Abends (OMSI 2 Zeit einstellen) <span class=\"forminator-required\">*<\/span><\/label><div class=\"forminator-file-upload\" data-element=\"upload-3_69f3367c610cd\" aria-describedby=\"forminator-field-upload-3_69f3367c610cd-description\"><input type=\"file\" name=\"upload-3\" id=\"forminator-field-upload-3_69f3367c610cd\" class=\"forminator-input-file-required do-validate\" accept=\".jpg,.jpeg,.jpe,.png,.webp,.css,.htm,.html,.dfxp,.js,.psd\"><button id=\"forminator-field-upload-3_69f3367c610cd_button\" class=\"forminator-button forminator-button-upload\" data-id=\"forminator-field-upload-3_69f3367c610cd\"><span>Choose File<\/span><span aria-hidden=\"true\"><\/span><\/button><span data-empty-text=\"No file chosen\">No file chosen<\/span><button class=\"forminator-button-delete\" style=\"display: none;\"><i class=\"forminator-icon-close\" aria-hidden=\"true\"><\/i><span class=\"forminator-screen-reader-only\">Delete uploaded file<\/span><\/button><\/div><\/div><\/div><\/div><div class=\"forminator-row\"><div id=\"upload-4\" class=\"forminator-field-upload forminator-col forminator-col-12\"><div class=\"forminator-field\"><label for=\"forminator-field-upload-4_69f3367c610cd\" class=\"forminator-label\">Screenshot am Nachts (OMSI 2 Zeit einstellen) <span class=\"forminator-required\">*<\/span><\/label><div class=\"forminator-file-upload\" data-element=\"upload-4_69f3367c610cd\" aria-describedby=\"forminator-field-upload-4_69f3367c610cd-description\"><input type=\"file\" name=\"upload-4\" id=\"forminator-field-upload-4_69f3367c610cd\" class=\"forminator-input-file-required do-validate\" accept=\".jpg,.jpeg,.jpe,.png,.webp,.css,.htm,.html,.dfxp,.js,.psd\"><button id=\"forminator-field-upload-4_69f3367c610cd_button\" class=\"forminator-button forminator-button-upload\" data-id=\"forminator-field-upload-4_69f3367c610cd\"><span>Choose File<\/span><span aria-hidden=\"true\"><\/span><\/button><span data-empty-text=\"No file chosen\">No file chosen<\/span><button class=\"forminator-button-delete\" style=\"display: none;\"><i class=\"forminator-icon-close\" aria-hidden=\"true\"><\/i><span class=\"forminator-screen-reader-only\">Delete uploaded file<\/span><\/button><\/div><\/div><\/div><\/div><div class=\"forminator-row\"><div id=\"consent-1\" class=\"forminator-field-consent forminator-col forminator-col-12\"><div class=\"forminator-field\"><label for=\"forminator-field-consent-1_69f3367c610cd\" class=\"forminator-label\">Bitte Akzeptiere: <span class=\"forminator-required\">*<\/span><\/label><div class=\"forminator-checkbox__wrapper\"><label for=\"forminator-field-consent-1_69f3367c610cd\" id=\"forminator-field-consent-1_69f3367c610cd__label\" class=\"forminator-checkbox forminator-consent\" style=\"margin: 0;\"><input type=\"checkbox\" name=\"consent-1\" id=\"forminator-field-consent-1_69f3367c610cd\" value=\"checked\" aria-labelledby=\"forminator-field-consent-1_69f3367c610cd-label\" aria-describedby=\"forminator-field-consent-1_69f3367c610cd__description\" data-required=\"true\" aria-required=\"true\" \/><span class=\"forminator-checkbox-box\" aria-hidden=\"true\"><\/span><\/label><div id=\"forminator-field-consent-1_69f3367c610cd__description\" class=\"forminator-checkbox__label forminator-consent__label\"><p>Ja, ich bin damit einverstanden, dass MaroTV bzw. MaroSoftware meine Screenshots zum Download f\u00fcr andere Nutzer des OMSI 2 Launcher anbieten darf. Ich bin auch damit einverstanden, dass MaroTV bzw. MaroSoftware meine Bilder verbessern bzw. zuschneiden darf.<\/p><\/div><\/div><\/div><\/div><\/div><div class=\"forminator-row forminator-hidden\"><input type=\"hidden\" id=\"hidden-1_69f3367c610cd\" name=\"hidden-1\" value=\"216.73.217.130\" \/><\/div><input type=\"hidden\" name=\"referer_url\" value=\"\" \/><div class=\"forminator-row forminator-row-last\"><div class=\"forminator-col\"><div class=\"forminator-field\"><button class=\"forminator-button forminator-button-submit\"><span>Meine Bilder absenden<\/span><span aria-hidden=\"true\"><\/span><\/button><\/div><\/div><\/div><input type=\"hidden\" id=\"forminator_nonce\" name=\"forminator_nonce\" value=\"2064a917c2\" \/><input type=\"hidden\" name=\"_wp_http_referer\" value=\"\/en\/wp-json\/wp\/v2\/pages\/384\" \/><input type=\"hidden\" name=\"form_id\" value=\"383\"><input type=\"hidden\" name=\"page_id\" value=\"384\"><input type=\"hidden\" name=\"form_type\" value=\"default\"><input type=\"hidden\" name=\"current_url\" value=\"https:\/\/marosoftware.de\/en\/omsi-2-launcher-hintergrundbild-einsenden\/\"><input type=\"hidden\" name=\"render_id\" value=\"0\"><input type=\"hidden\" name=\"action\" value=\"forminator_submit_form_custom-forms\"><input type=\"hidden\" name=\"trp-form-language\" value=\"en\"\/><\/form><\/p>\t\t\t\t\t\t<\/div>\n\t\t\t\t<\/div>\n\t\t\t\t\t<\/div>\n\t\t<\/div>\n\t\t\t\t\t\t\t<\/div>\n\t\t<\/section>\n\t\t\t\t\t\t\t<\/div>","protected":false},"excerpt":{"rendered":"<p>Es freut uns sehr, dass du uns dein Hintergrundbild f\u00fcr den OMSI 2 Launcher bereitstellen m\u00f6chtest. F\u00fclle dazu einfach das Formular aus und f\u00fcge deine Screenshorts hinzu. Wie wird es gemacht? Stelle<a class=\"moretag\" href=\"https:\/\/marosoftware.de\/en\/omsi-2-launcher-hintergrundbild-einsenden\/\">Read More&#8230;<\/a><\/p>","protected":false},"author":1,"featured_media":0,"parent":0,"menu_order":0,"comment_status":"closed","ping_status":"closed","template":"elementor_header_footer","meta":{"footnotes":""},"class_list":["post-384","page","type-page","status-publish","hentry"],"_links":{"self":[{"href":"https:\/\/marosoftware.de\/en\/wp-json\/wp\/v2\/pages\/384","targetHints":{"allow":["GET"]}}],"collection":[{"href":"https:\/\/marosoftware.de\/en\/wp-json\/wp\/v2\/pages"}],"about":[{"href":"https:\/\/marosoftware.de\/en\/wp-json\/wp\/v2\/types\/page"}],"author":[{"embeddable":true,"href":"https:\/\/marosoftware.de\/en\/wp-json\/wp\/v2\/users\/1"}],"replies":[{"embeddable":true,"href":"https:\/\/marosoftware.de\/en\/wp-json\/wp\/v2\/comments?post=384"}],"version-history":[{"count":10,"href":"https:\/\/marosoftware.de\/en\/wp-json\/wp\/v2\/pages\/384\/revisions"}],"predecessor-version":[{"id":404,"href":"https:\/\/marosoftware.de\/en\/wp-json\/wp\/v2\/pages\/384\/revisions\/404"}],"wp:attachment":[{"href":"https:\/\/marosoftware.de\/en\/wp-json\/wp\/v2\/media?parent=384"}],"curies":[{"name":"wp","href":"https:\/\/api.w.org\/{rel}","templated":true}]}}